{"id":2275,"date":"2025-03-30T03:20:09","date_gmt":"2025-03-30T03:20:09","guid":{"rendered":"https:\/\/zaniclown.com\/faqs\/"},"modified":"2025-04-11T18:16:17","modified_gmt":"2025-04-11T18:16:17","slug":"faq","status":"publish","type":"page","link":"https:\/\/zaniclown.com\/fr\/faq\/","title":{"rendered":"FAQ"},"content":{"rendered":"<div class=\"fusion-fullwidth fullwidth-box fusion-builder-row-1 fusion-flex-container has-pattern-background has-mask-background nonhundred-percent-fullwidth non-hundred-percent-height-scrolling\" style=\"--awb-border-radius-top-left:0px;--awb-border-radius-top-right:0px;--awb-border-radius-bottom-right:0px;--awb-border-radius-bottom-left:0px;--awb-padding-top:7vw;--awb-padding-bottom:5vw;--awb-flex-wrap:wrap;\" ><div class=\"fusion-builder-row fusion-row fusion-flex-align-items-center fusion-flex-justify-content-center fusion-flex-content-wrap\" style=\"max-width:83.2vw;margin-left: calc(-4% \/ 2 );margin-right: calc(-4% \/ 2 );\"><div class=\"fusion-layout-column fusion_builder_column fusion-builder-column-0 fusion_builder_column_3_5 3_5 fusion-flex-column\" style=\"--awb-bg-size:cover;--awb-width-large:60%;--awb-margin-top-large:0px;--awb-spacing-right-large:3.2%;--awb-margin-bottom-large:20px;--awb-spacing-left-large:3.2%;--awb-width-medium:60%;--awb-order-medium:0;--awb-spacing-right-medium:3.2%;--awb-spacing-left-medium:3.2%;--awb-width-small:100%;--awb-order-small:0;--awb-spacing-right-small:1.92%;--awb-spacing-left-small:1.92%;\"><div class=\"fusion-column-wrapper fusion-column-has-shadow fusion-flex-justify-content-flex-start fusion-content-layout-column\"><div class=\"fusion-title title fusion-title-1 fusion-sep-none fusion-title-center fusion-title-text fusion-title-size-one\"><h1 class=\"fusion-title-heading title-heading-center fusion-responsive-typography-calculated\" style=\"margin:0;text-transform:capitalize;--fontSize:73.008;line-height:1;\">Questions <br \/>fr\u00e9quemment pos\u00e9es<\/h1><\/div><div class=\"fusion-text fusion-text-1\" style=\"--awb-content-alignment:center;--awb-font-size:var(--awb-custom_typography_11-font-size);--awb-line-height:var(--awb-custom_typography_11-line-height);--awb-letter-spacing:var(--awb-custom_typography_11-letter-spacing);--awb-text-transform:var(--awb-custom_typography_11-text-transform);--awb-text-font-family:var(--awb-custom_typography_11-font-family);--awb-text-font-weight:var(--awb-custom_typography_11-font-weight);--awb-text-font-style:var(--awb-custom_typography_11-font-style);\"><p>Explorez nos articles c\u00e9l\u00e9brant la joie et la cr\u00e9ativit\u00e9 du clown.<\/p>\n<\/div><\/div><\/div><div class=\"fusion-layout-column fusion_builder_column fusion-builder-column-1 fusion_builder_column_4_5 4_5 fusion-flex-column\" style=\"--awb-bg-size:cover;--awb-width-large:80%;--awb-margin-top-large:0px;--awb-spacing-right-large:2.4%;--awb-margin-bottom-large:20px;--awb-spacing-left-large:2.4%;--awb-width-medium:80%;--awb-order-medium:0;--awb-spacing-right-medium:2.4%;--awb-spacing-left-medium:2.4%;--awb-width-small:100%;--awb-order-small:0;--awb-spacing-right-small:1.92%;--awb-spacing-left-small:1.92%;\"><div class=\"fusion-column-wrapper fusion-column-has-shadow fusion-flex-justify-content-flex-start fusion-content-layout-column\"><style type=\"text\/css\">#accordian-1 .fusion-panel:hover,#accordian-1 .fusion-panel.hover{ background-color: var(--awb-color2) } #accordian-1 .fusion-panel { border-color:var(--awb-custom_color_3); border-width:1px; background-color:var(--awb-custom_color_3); }.fusion-accordian #accordian-1 .panel-title a .fa-fusion-box:before{ font-size: 16px;width: 16px;}.fusion-accordian #accordian-1 .panel-title a .fa-fusion-box{ color: var(--awb-color8);}.fusion-accordian #accordian-1.fusion-toggle-icon-right .fusion-toggle-heading{ margin-right: 34px;}.fusion-accordian  #accordian-1 .panel-title a{font-size:var(--awb-custom_typography_6-font-size);text-transform:var(--awb-custom_typography_6-text-transform);line-height:var(--awb-custom_typography_6-line-height);letter-spacing:var(--awb-custom_typography_6-letter-spacing);font-family:var(--awb-custom_typography_6-font-family);font-weight:var(--awb-custom_typography_6-font-weight);font-style:var(--awb-custom_typography_6-font-style);}.fusion-accordian  #accordian-1 .panel-title a:not(:hover){}.fusion-accordian  #accordian-1 .toggle-content{font-size:var(--awb-custom_typography_5-font-size);text-transform:var(--awb-custom_typography_5-text-transform);line-height:var(--awb-custom_typography_5-line-height);letter-spacing:var(--awb-custom_typography_5-letter-spacing);font-family:var(--awb-custom_typography_5-font-family);font-weight:var(--awb-custom_typography_5-font-weight);font-style:var(--awb-custom_typography_5-font-style);}.fusion-accordian #accordian-1 .panel-title a:hover,.fusion-accordian #accordian-1 .panel-title a.hover { color: var(--awb-color8);}.fusion-faq-shortcode .fusion-accordian #accordian-1 .fusion-toggle-boxed-mode:hover .panel-title a { color: var(--awb-color8);}.fusion-accordian #accordian-1.fusion-toggle-icon-unboxed .panel-title a:hover .fa-fusion-box,.fusion-accordian #accordian-1.fusion-toggle-icon-unboxed .panel-title a.hover .fa-fusion-box { color: var(--awb-color8); }.fusion-faqs-wrapper .fusion-accordian  #accordian-1 .fusion-panel {padding-top: 8px;padding-right: 8px;padding-bottom: 8px;padding-left: 8px;}<\/style><div class=\"fusion-faq-shortcode\" style=\"\"><ul role=\"menu\" class=\"fusion-filters clearfix\"><li role=\"presentation\" class=\"fusion-filter fusion-active\"><a role=\"menuitem\" data-filter=\".teacher-fr\" href=\"#\">Enseignant<\/a><\/li><li role=\"presentation\" class=\"fusion-filter fusion-hidden\"><a role=\"menuitem\" data-filter=\".general-fr\" href=\"#\">G\u00e9n\u00e9ral<\/a><\/li><li role=\"presentation\" class=\"fusion-filter fusion-hidden\"><a role=\"menuitem\" data-filter=\".location-fr\" href=\"#\">Lieu<\/a><\/li><li role=\"presentation\" class=\"fusion-filter fusion-hidden\"><a role=\"menuitem\" data-filter=\".price-fr\" href=\"#\">Prix<\/a><\/li><\/ul><div class=\"fusion-faqs-wrapper\"><div class=\"accordian fusion-accordian\"><div class=\"panel-group  fusion-toggle-icon-right fusion-toggle-icon-unboxed\" id=\"accordian-1\"><div class=\"fusion-panel fusion-toggle-no-divider fusion-toggle-boxed-mode panel-default fusion-faq-post fusion-faq-post-2302 general-fr \"><span class=\"entry-title rich-snippet-hidden\">1. Quels types d&rsquo;ateliers de clown proposez-vous ?<\/span><span class=\"vcard rich-snippet-hidden\"><span class=\"fn\"><a href=\"https:\/\/zaniclown.com\/fr\/author\/lamees\/\" title=\"Articles par Lamees Shalaby\" rel=\"author\">Lamees Shalaby<\/a><\/span><\/span><span class=\"updated rich-snippet-hidden\">2025-04-11T19:22:59-04:00<\/span><div class=\"panel-heading\"><h6 id=\"faq_1-2302\" class=\"panel-title toggle\"><a data-toggle=\"collapse\" class=\"collapsed\" data-parent=\"#accordian-1\" data-target=\"#collapse-1-2302\" href=\"#collapse-1-2302\" aria-expanded=\"false\"><div class=\"fusion-toggle-icon-wrapper\"><div class=\"fusion-toggle-icon-wrapper-main\"><div class=\"fusion-toggle-icon-wrapper-sub\"><i class=\"fa-fusion-box active-icon fa-angle-up fas\" aria-hidden=\"true\"><\/i><i class=\"fa-fusion-box inactive-icon fa-angle-down fas\" aria-hidden=\"true\"><\/i><\/div><\/div><\/div><div class=\"fusion-toggle-heading\">1. Quels types d&rsquo;ateliers de clown proposez-vous ?<\/div><\/a><\/h6><\/div><div id=\"collapse-1-2302\" aria-labelledby=\"faq_1-2302\" class=\"panel-collapse collapse\"><div class=\"panel-body toggle-content post-content\"><p>Nous proposons des ateliers pour d\u00e9butants, professionnels et toute personne int\u00e9ress\u00e9e par l&rsquo;exploration de l&rsquo;art du clown.<\/p>\n<\/div><\/div><\/div><div class=\"fusion-panel fusion-toggle-no-divider fusion-toggle-boxed-mode panel-default fusion-faq-post fusion-faq-post-2303 general-fr \"><span class=\"entry-title rich-snippet-hidden\">2. Y a-t-il des restrictions d&rsquo;\u00e2ge pour les ateliers ?<\/span><span class=\"vcard rich-snippet-hidden\"><span class=\"fn\"><a href=\"https:\/\/zaniclown.com\/fr\/author\/lamees\/\" title=\"Articles par Lamees Shalaby\" rel=\"author\">Lamees Shalaby<\/a><\/span><\/span><span class=\"updated rich-snippet-hidden\">2025-09-09T17:37:27-04:00<\/span><div class=\"panel-heading\"><h6 id=\"faq_1-2303\" class=\"panel-title toggle\"><a data-toggle=\"collapse\" class=\"collapsed\" data-parent=\"#accordian-1\" data-target=\"#collapse-1-2303\" href=\"#collapse-1-2303\" aria-expanded=\"false\"><div class=\"fusion-toggle-icon-wrapper\"><div class=\"fusion-toggle-icon-wrapper-main\"><div class=\"fusion-toggle-icon-wrapper-sub\"><i class=\"fa-fusion-box active-icon fa-angle-up fas\" aria-hidden=\"true\"><\/i><i class=\"fa-fusion-box inactive-icon fa-angle-down fas\" aria-hidden=\"true\"><\/i><\/div><\/div><\/div><div class=\"fusion-toggle-heading\">2. Y a-t-il des restrictions d&rsquo;\u00e2ge pour les ateliers ?<\/div><\/a><\/h6><\/div><div id=\"collapse-1-2303\" aria-labelledby=\"faq_1-2303\" class=\"panel-collapse collapse\"><div class=\"panel-body toggle-content post-content\"><p>La plupart des ateliers s\u2019adressent aux adultes, mais nous proposons parfois des s\u00e9ances pour enfants ou pour familles.<\/p>\n<\/div><\/div><\/div><div class=\"fusion-panel fusion-toggle-no-divider fusion-toggle-boxed-mode panel-default fusion-faq-post fusion-faq-post-2304 general-fr price-fr \"><span class=\"entry-title rich-snippet-hidden\">3. Les ateliers sont-ils dispens\u00e9s en anglais ou en fran\u00e7ais ?<\/span><span class=\"vcard rich-snippet-hidden\"><span class=\"fn\"><a href=\"https:\/\/zaniclown.com\/fr\/author\/lamees\/\" title=\"Articles par Lamees Shalaby\" rel=\"author\">Lamees Shalaby<\/a><\/span><\/span><span class=\"updated rich-snippet-hidden\">2025-09-09T17:40:14-04:00<\/span><div class=\"panel-heading\"><h6 id=\"faq_1-2304\" class=\"panel-title toggle\"><a data-toggle=\"collapse\" class=\"collapsed\" data-parent=\"#accordian-1\" data-target=\"#collapse-1-2304\" href=\"#collapse-1-2304\" aria-expanded=\"false\"><div class=\"fusion-toggle-icon-wrapper\"><div class=\"fusion-toggle-icon-wrapper-main\"><div class=\"fusion-toggle-icon-wrapper-sub\"><i class=\"fa-fusion-box active-icon fa-angle-up fas\" aria-hidden=\"true\"><\/i><i class=\"fa-fusion-box inactive-icon fa-angle-down fas\" aria-hidden=\"true\"><\/i><\/div><\/div><\/div><div class=\"fusion-toggle-heading\">3. Les ateliers sont-ils dispens\u00e9s en anglais ou en fran\u00e7ais ?<\/div><\/a><\/h6><\/div><div id=\"collapse-1-2304\" aria-labelledby=\"faq_1-2304\" class=\"panel-collapse collapse\"><div class=\"panel-body toggle-content post-content\"><p>Les ateliers sont offerts en anglais et en fran\u00e7ais. La langue de chaque s\u00e9ance sera pr\u00e9cis\u00e9e dans la description.<\/p>\n<\/div><\/div><\/div><div class=\"fusion-panel fusion-toggle-no-divider fusion-toggle-boxed-mode panel-default fusion-faq-post fusion-faq-post-2305 general-fr location-fr \"><span class=\"entry-title rich-snippet-hidden\">4. Ai-je besoin d&rsquo;une exp\u00e9rience pr\u00e9alable pour participer ?<\/span><span class=\"vcard rich-snippet-hidden\"><span class=\"fn\"><a href=\"https:\/\/zaniclown.com\/fr\/author\/lamees\/\" title=\"Articles par Lamees Shalaby\" rel=\"author\">Lamees Shalaby<\/a><\/span><\/span><span class=\"updated rich-snippet-hidden\">2025-09-09T17:41:46-04:00<\/span><div class=\"panel-heading\"><h6 id=\"faq_1-2305\" class=\"panel-title toggle\"><a data-toggle=\"collapse\" class=\"collapsed\" data-parent=\"#accordian-1\" data-target=\"#collapse-1-2305\" href=\"#collapse-1-2305\" aria-expanded=\"false\"><div class=\"fusion-toggle-icon-wrapper\"><div class=\"fusion-toggle-icon-wrapper-main\"><div class=\"fusion-toggle-icon-wrapper-sub\"><i class=\"fa-fusion-box active-icon fa-angle-up fas\" aria-hidden=\"true\"><\/i><i class=\"fa-fusion-box inactive-icon fa-angle-down fas\" aria-hidden=\"true\"><\/i><\/div><\/div><\/div><div class=\"fusion-toggle-heading\">4. Ai-je besoin d&rsquo;une exp\u00e9rience pr\u00e9alable pour participer ?<\/div><\/a><\/h6><\/div><div id=\"collapse-1-2305\" aria-labelledby=\"faq_1-2305\" class=\"panel-collapse collapse\"><div class=\"panel-body toggle-content post-content\"><p>Aucune exp\u00e9rience pr\u00e9alable n\u2019est requise ! Nos ateliers sont ouverts \u00e0 tous, quel que soit le niveau de comp\u00e9tence.<\/p>\n<\/div><\/div><\/div><div class=\"fusion-panel fusion-toggle-no-divider fusion-toggle-boxed-mode panel-default fusion-faq-post fusion-faq-post-2291 teacher-fr general-fr \"><span class=\"entry-title rich-snippet-hidden\">5. Quelle est la dur\u00e9e de chaque atelier ?<\/span><span class=\"vcard rich-snippet-hidden\"><span class=\"fn\"><a href=\"https:\/\/zaniclown.com\/fr\/author\/lamees\/\" title=\"Articles par Lamees Shalaby\" rel=\"author\">Lamees Shalaby<\/a><\/span><\/span><span class=\"updated rich-snippet-hidden\">2025-09-09T17:41:59-04:00<\/span><div class=\"panel-heading\"><h6 id=\"faq_1-2291\" class=\"panel-title toggle\"><a data-toggle=\"collapse\" class=\"collapsed\" data-parent=\"#accordian-1\" data-target=\"#collapse-1-2291\" href=\"#collapse-1-2291\" aria-expanded=\"false\"><div class=\"fusion-toggle-icon-wrapper\"><div class=\"fusion-toggle-icon-wrapper-main\"><div class=\"fusion-toggle-icon-wrapper-sub\"><i class=\"fa-fusion-box active-icon fa-angle-up fas\" aria-hidden=\"true\"><\/i><i class=\"fa-fusion-box inactive-icon fa-angle-down fas\" aria-hidden=\"true\"><\/i><\/div><\/div><\/div><div class=\"fusion-toggle-heading\">5. Quelle est la dur\u00e9e de chaque atelier ?<\/div><\/a><\/h6><\/div><div id=\"collapse-1-2291\" aria-labelledby=\"faq_1-2291\" class=\"panel-collapse collapse\"><div class=\"panel-body toggle-content post-content\"><p>La dur\u00e9e varie selon l\u2019atelier, allant g\u00e9n\u00e9ralement d\u2019une journ\u00e9e \u00e0 plusieurs semaines. Les d\u00e9tails sont pr\u00e9cis\u00e9s dans les descriptions des ateliers.<\/p>\n<\/div><\/div><\/div><\/div><\/div><\/div><\/div><\/div><\/div><\/div><\/div>\n","protected":false},"excerpt":{"rendered":"","protected":false},"author":2,"featured_media":0,"parent":0,"menu_order":0,"comment_status":"closed","ping_status":"closed","template":"100-width.php","meta":{"_acf_changed":false,"footnotes":""},"class_list":["post-2275","page","type-page","status-publish","hentry"],"acf":[],"_links":{"self":[{"href":"https:\/\/zaniclown.com\/fr\/wp-json\/wp\/v2\/pages\/2275","targetHints":{"allow":["GET"]}}],"collection":[{"href":"https:\/\/zaniclown.com\/fr\/wp-json\/wp\/v2\/pages"}],"about":[{"href":"https:\/\/zaniclown.com\/fr\/wp-json\/wp\/v2\/types\/page"}],"author":[{"embeddable":true,"href":"https:\/\/zaniclown.com\/fr\/wp-json\/wp\/v2\/users\/2"}],"replies":[{"embeddable":true,"href":"https:\/\/zaniclown.com\/fr\/wp-json\/wp\/v2\/comments?post=2275"}],"version-history":[{"count":0,"href":"https:\/\/zaniclown.com\/fr\/wp-json\/wp\/v2\/pages\/2275\/revisions"}],"wp:attachment":[{"href":"https:\/\/zaniclown.com\/fr\/wp-json\/wp\/v2\/media?parent=2275"}],"curies":[{"name":"wp","href":"https:\/\/api.w.org\/{rel}","templated":true}]}}